{"id":1625,"date":"2023-12-23T11:25:11","date_gmt":"2023-12-23T03:25:11","guid":{"rendered":"https:\/\/starcarbonsports.com\/?post_type=product&#038;p=1625"},"modified":"2023-12-23T11:54:09","modified_gmt":"2023-12-23T03:54:09","slug":"padel-racket","status":"publish","type":"product","link":"https:\/\/starcarbonsports.com\/pt\/produto\/padel-racket\/","title":{"rendered":"Raquete de padel"},"content":{"rendered":"<p><img fetchpriority=\"high\" decoding=\"async\" class=\"alignleft wp-image-1637\" src=\"https:\/\/starcarbonsports.com\/wp-content\/uploads\/2023\/12\/Padel-1-1.jpg\" alt=\"Padel 1 1\" width=\"500\" height=\"500\" srcset=\"https:\/\/starcarbonsports.com\/wp-content\/uploads\/2023\/12\/Padel-1-1.jpg 800w, https:\/\/starcarbonsports.com\/wp-content\/uploads\/2023\/12\/Padel-1-1-300x300.jpg 300w, https:\/\/starcarbonsports.com\/wp-content\/uploads\/2023\/12\/Padel-1-1-100x100.jpg 100w, https:\/\/starcarbonsports.com\/wp-content\/uploads\/2023\/12\/Padel-1-1-500x500.jpg 500w, https:\/\/starcarbonsports.com\/wp-content\/uploads\/2023\/12\/Padel-1-1-150x150.jpg 150w, https:\/\/starcarbonsports.com\/wp-content\/uploads\/2023\/12\/Padel-1-1-768x768.jpg 768w\" sizes=\"(max-width: 500px) 100vw, 500px\" \/><\/p>\n<p>&nbsp;<\/p>\n<p>&nbsp;<\/p>\n<p>&nbsp;<\/p>\n<p>SUPERF\u00cdCIE DE FIBRA DE CARBONO - D\u00e1 uma boa ader\u00eancia da bola e realmente ajuda o jogador a criar rota\u00e7\u00e3o e poder nos tiros. A raquete de remo \u00e9 criada para melhorar o seu jogo e durar muito tempo.<\/p>\n<p>PONTO DOCE MAXIMIZADO - O ponto doce alargado \u00e9 optimizado para a estrutura em forma de gota de l\u00e1grima. O peso \u00e9 bom na m\u00e3o e o design foi criado nos EUA.<br \/>\nDUR\u00c1VEL - Feito para o jogador exigente que procura um padel que dure muito tempo e n\u00e3o se quebre facilmente como outros modelos de concorrentes mais baratos. A fibra de carbono \u00e9 um dos materiais mais resistentes ao desgaste.<\/p>\n<p>&nbsp;<\/p>\n<p>&nbsp;<\/p>\n<p>&nbsp;<\/p>\n<p>&nbsp;<\/p>\n<p><img decoding=\"async\" class=\"alignleft wp-image-1628\" src=\"https:\/\/starcarbonsports.com\/wp-content\/uploads\/2023\/12\/Padel-1-detai-300x200.jpg\" alt=\"Padel 1 Detai\" width=\"330\" height=\"220\" srcset=\"https:\/\/starcarbonsports.com\/wp-content\/uploads\/2023\/12\/Padel-1-detai-300x200.jpg 300w, https:\/\/starcarbonsports.com\/wp-content\/uploads\/2023\/12\/Padel-1-detai-500x334.jpg 500w, https:\/\/starcarbonsports.com\/wp-content\/uploads\/2023\/12\/Padel-1-detai-768x512.jpg 768w, https:\/\/starcarbonsports.com\/wp-content\/uploads\/2023\/12\/Padel-1-detai.jpg 976w\" sizes=\"(max-width: 330px) 100vw, 330px\" \/> <img decoding=\"async\" class=\"alignleft wp-image-1629\" src=\"https:\/\/starcarbonsports.com\/wp-content\/uploads\/2023\/12\/Padel-1-detai2-300x200.jpg\" alt=\"Padel 1 Detai2\" width=\"330\" height=\"220\" srcset=\"https:\/\/starcarbonsports.com\/wp-content\/uploads\/2023\/12\/Padel-1-detai2-300x200.jpg 300w, https:\/\/starcarbonsports.com\/wp-content\/uploads\/2023\/12\/Padel-1-detai2-500x334.jpg 500w, https:\/\/starcarbonsports.com\/wp-content\/uploads\/2023\/12\/Padel-1-detai2-768x512.jpg 768w, https:\/\/starcarbonsports.com\/wp-content\/uploads\/2023\/12\/Padel-1-detai2.jpg 976w\" sizes=\"(max-width: 330px) 100vw, 330px\" \/> <img loading=\"lazy\" decoding=\"async\" class=\"alignleft wp-image-1633\" src=\"https:\/\/starcarbonsports.com\/wp-content\/uploads\/2023\/12\/Padel-300x200.jpg\" alt=\"Padel\" width=\"330\" height=\"220\" srcset=\"https:\/\/starcarbonsports.com\/wp-content\/uploads\/2023\/12\/Padel-300x200.jpg 300w, https:\/\/starcarbonsports.com\/wp-content\/uploads\/2023\/12\/Padel-500x334.jpg 500w, https:\/\/starcarbonsports.com\/wp-content\/uploads\/2023\/12\/Padel-768x512.jpg 768w, https:\/\/starcarbonsports.com\/wp-content\/uploads\/2023\/12\/Padel.jpg 976w\" sizes=\"(max-width: 330px) 100vw, 330px\" \/><\/p>\n<p>&nbsp;<\/p>\n<p>&nbsp;<\/p>\n<p>&nbsp;<\/p>\n<p>&nbsp;<\/p>\n<p>&nbsp;<\/p>\n<p>&nbsp;<\/p>\n<p>&nbsp;<\/p>\n<table style=\"border-collapse: collapse; width: 1056px; height: 358px;\" border=\"0\" width=\"751\" cellspacing=\"0\" cellpadding=\"0\">\n<tbody>\n<tr style=\"height: 15.75pt;\">\n<td class=\"et2\" style=\"height: 15.75pt; width: 563.25pt; text-align: center;\" colspan=\"3\" width=\"751\" height=\"21\"><strong><span class=\"font1\">Dados t\u00e9cnicos<\/span><\/strong><\/td>\n<\/tr>\n<tr style=\"height: 31.50pt;\">\n<td class=\"et2\" style=\"height: 31.5pt; width: 130.5pt; text-align: center;\" width=\"174\" height=\"42\"><span class=\"font1\">Marca<\/span><\/td>\n<td class=\"et2\" style=\"width: 179.25pt; text-align: center;\" width=\"239\"><span class=\"font1\">OEM\/ODM<\/span><\/td>\n<td class=\"et3\" style=\"width: 253.5pt; text-align: center;\" width=\"338\"><\/td>\n<\/tr>\n<tr style=\"height: 15.75pt;\">\n<td class=\"et2\" style=\"height: 15.75pt; width: 130.5pt; text-align: center;\" width=\"174\" height=\"21\"><span class=\"font1\">Tipo de desporto<\/span><\/td>\n<td class=\"et2\" style=\"width: 179.25pt; text-align: center;\" width=\"239\"><span class=\"font1\">T\u00e9nis<\/span><\/td>\n<td class=\"et4\" style=\"width: 253.5pt; border-bottom: 0.5pt solid #000000; text-align: center;\" rowspan=\"5\" width=\"338\"><img loading=\"lazy\" decoding=\"async\" class=\"alignnone wp-image-1634\" src=\"https:\/\/starcarbonsports.com\/wp-content\/uploads\/2023\/12\/Padel-1.jpg\" alt=\"\" width=\"324\" height=\"547\" \/><\/td>\n<\/tr>\n<tr style=\"height: 15.75pt;\">\n<td class=\"et2\" style=\"height: 15.75pt; width: 130.5pt; text-align: center;\" width=\"174\" height=\"21\"><span class=\"font1\">Material<\/span><\/td>\n<td class=\"et2\" style=\"width: 179.25pt; text-align: center;\" width=\"239\"><span class=\"font1\">Fibra de carbono<\/span><\/td>\n<\/tr>\n<tr style=\"height: 15.75pt;\">\n<td class=\"et2\" style=\"height: 15.75pt; width: 130.5pt; text-align: center;\" width=\"174\" height=\"21\"><span class=\"font1\">N\u00edvel de compet\u00eancia<\/span><\/td>\n<td class=\"et2\" style=\"width: 179.25pt; text-align: center;\" width=\"239\"><span class=\"font1\">Todos os n\u00edveis<\/span><\/td>\n<\/tr>\n<tr style=\"height: 15.75pt;\">\n<td class=\"et2\" style=\"height: 15.75pt; width: 130.5pt; text-align: center;\" width=\"174\" height=\"21\"><span class=\"font1\">Material da estrutura<\/span><\/td>\n<td class=\"et2\" style=\"width: 179.25pt; text-align: center;\" width=\"239\"><span class=\"font1\">Fibra de carbono<\/span><\/td>\n<\/tr>\n<tr style=\"height: 15.75pt;\">\n<td class=\"et2\" style=\"height: 15.75pt; width: 130.5pt; text-align: center;\" width=\"174\" height=\"21\"><span class=\"font1\">Material do veio<\/span><\/td>\n<td class=\"et2\" style=\"width: 179.25pt; text-align: center;\" width=\"239\"><span class=\"font1\">Fibra de carbono<\/span><\/td>\n<\/tr>\n<\/tbody>\n<\/table>\n<p><strong>Mais detalhes do produto<\/strong><\/p>\n<p><img loading=\"lazy\" decoding=\"async\" class=\"alignleft\" src=\"https:\/\/starcarbonsports.com\/wp-content\/uploads\/2023\/12\/padel-1-4.jpg\" alt=\"\" width=\"500\" height=\"750\" data-wp-editing=\"1\" \/><\/p>\n<p><img loading=\"lazy\" decoding=\"async\" class=\"wp-image-1632 alignleft\" src=\"https:\/\/starcarbonsports.com\/wp-content\/uploads\/2023\/12\/padel-1-5.jpg\" alt=\"\" width=\"500\" height=\"750\" srcset=\"https:\/\/starcarbonsports.com\/wp-content\/uploads\/2023\/12\/padel-1-5.jpg 976w, https:\/\/starcarbonsports.com\/wp-content\/uploads\/2023\/12\/padel-1-5-500x750.jpg 500w, https:\/\/starcarbonsports.com\/wp-content\/uploads\/2023\/12\/padel-1-5-200x300.jpg 200w, https:\/\/starcarbonsports.com\/wp-content\/uploads\/2023\/12\/padel-1-5-683x1024.jpg 683w, https:\/\/starcarbonsports.com\/wp-content\/uploads\/2023\/12\/padel-1-5-768x1152.jpg 768w\" sizes=\"(max-width: 500px) 100vw, 500px\" \/><\/p>\n<p><img loading=\"lazy\" decoding=\"async\" class=\"alignleft wp-image-1630\" src=\"https:\/\/starcarbonsports.com\/wp-content\/uploads\/2023\/12\/padel-1-2.jpg\" alt=\"\" width=\"500\" height=\"750\" srcset=\"https:\/\/starcarbonsports.com\/wp-content\/uploads\/2023\/12\/padel-1-2.jpg 976w, https:\/\/starcarbonsports.com\/wp-content\/uploads\/2023\/12\/padel-1-2-500x750.jpg 500w, https:\/\/starcarbonsports.com\/wp-content\/uploads\/2023\/12\/padel-1-2-200x300.jpg 200w, https:\/\/starcarbonsports.com\/wp-content\/uploads\/2023\/12\/padel-1-2-683x1024.jpg 683w, https:\/\/starcarbonsports.com\/wp-content\/uploads\/2023\/12\/padel-1-2-768x1152.jpg 768w\" sizes=\"(max-width: 500px) 100vw, 500px\" \/><\/p>\n<p><img loading=\"lazy\" decoding=\"async\" class=\"wp-image-1639 alignleft\" src=\"https:\/\/starcarbonsports.com\/wp-content\/uploads\/2023\/12\/padel-1-3.jpg\" alt=\"\" width=\"500\" height=\"750\" srcset=\"https:\/\/starcarbonsports.com\/wp-content\/uploads\/2023\/12\/padel-1-3.jpg 976w, https:\/\/starcarbonsports.com\/wp-content\/uploads\/2023\/12\/padel-1-3-500x750.jpg 500w, https:\/\/starcarbonsports.com\/wp-content\/uploads\/2023\/12\/padel-1-3-200x300.jpg 200w, https:\/\/starcarbonsports.com\/wp-content\/uploads\/2023\/12\/padel-1-3-683x1024.jpg 683w, https:\/\/starcarbonsports.com\/wp-content\/uploads\/2023\/12\/padel-1-3-768x1152.jpg 768w\" sizes=\"(max-width: 500px) 100vw, 500px\" \/><\/p>","protected":false},"excerpt":{"rendered":"<p>SWEET SPOT MAXIMIZADO - O sweet spot alargado \u00e9 optimizado para a estrutura em forma de gota. O peso \u00e9 agrad\u00e1vel na m\u00e3o e o design foi criado nos EUA.<\/p>","protected":false},"featured_media":1634,"template":"","meta":{"site-sidebar-layout":"default","site-content-layout":"","ast-site-content-layout":"default","site-content-style":"default","site-sidebar-style":"default","ast-global-header-display":"","ast-banner-title-visibility":"","ast-main-header-display":"","ast-hfb-above-header-display":"","ast-hfb-below-header-display":"","ast-hfb-mobile-header-display":"","site-post-title":"","ast-breadcrumbs-content":"","ast-featured-img":"","footer-sml-layout":"","ast-disable-related-posts":"","theme-transparent-header-meta":"default","adv-header-id-meta":"","stick-header-meta":"","header-above-stick-meta":"","header-main-stick-meta":"","header-below-stick-meta":"","astra-migrate-meta-layouts":"set","ast-page-background-enabled":"default","ast-page-background-meta":{"desktop":{"background-color":"","background-image":"","background-repeat":"repeat","background-position":"center center","background-size":"auto","background-attachment":"scroll","background-type":"","background-media":"","overlay-type":"","overlay-color":"","overlay-opacity":"","overlay-gradient":""},"tablet":{"background-color":"","background-image":"","background-repeat":"repeat","background-position":"center center","background-size":"auto","background-attachment":"scroll","background-type":"","background-media":"","overlay-type":"","overlay-color":"","overlay-opacity":"","overlay-gradient":""},"mobile":{"background-color":"","background-image":"","background-repeat":"repeat","background-position":"center center","background-size":"auto","background-attachment":"scroll","background-type":"","background-media":"","overlay-type":"","overlay-color":"","overlay-opacity":"","overlay-gradient":""}},"ast-content-background-meta":{"desktop":{"background-color":"var(--ast-global-color-5)","background-image":"","background-repeat":"repeat","background-position":"center center","background-size":"auto","background-attachment":"scroll","background-type":"","background-media":"","overlay-type":"","overlay-color":"","overlay-opacity":"","overlay-gradient":""},"tablet":{"background-color":"var(--ast-global-color-5)","background-image":"","background-repeat":"repeat","background-position":"center center","background-size":"auto","background-attachment":"scroll","background-type":"","background-media":"","overlay-type":"","overlay-color":"","overlay-opacity":"","overlay-gradient":""},"mobile":{"background-color":"var(--ast-global-color-5)","background-image":"","background-repeat":"repeat","background-position":"center center","background-size":"auto","background-attachment":"scroll","background-type":"","background-media":"","overlay-type":"","overlay-color":"","overlay-opacity":"","overlay-gradient":""}}},"product_brand":[],"product_cat":[17],"product_tag":[],"class_list":{"0":"post-1625","1":"product","2":"type-product","3":"status-publish","4":"has-post-thumbnail","6":"product_cat-padel-racket","7":"desktop-align-center","8":"tablet-align-left","9":"mobile-align-left","11":"first","12":"instock","13":"shipping-taxable","14":"product-type-simple"},"yoast_head":"<!-- This site is optimized with the Yoast SEO plugin v27.4 - https:\/\/yoast.com\/product\/yoast-seo-wordpress\/ -->\n<title>Padel Racket - starcarbonsports<\/title>\n<meta name=\"robots\" content=\"index, follow, max-snippet:-1, max-image-preview:large, max-video-preview:-1\" \/>\n<link rel=\"canonical\" href=\"https:\/\/starcarbonsports.com\/pt\/produto\/padel-racket\/\" \/>\n<meta property=\"og:locale\" content=\"pt_PT\" \/>\n<meta property=\"og:type\" content=\"article\" \/>\n<meta property=\"og:title\" content=\"Padel Racket - starcarbonsports\" \/>\n<meta property=\"og:description\" content=\"MAXIMIZED SWEET SPOT \u2013 The enlarged sweet spot is optimized for the tear drop shaped frame. The weight feels good in the hand and the design was created in the USA.\" \/>\n<meta property=\"og:url\" content=\"https:\/\/starcarbonsports.com\/pt\/produto\/padel-racket\/\" \/>\n<meta property=\"og:site_name\" content=\"starcarbonsports\" \/>\n<meta property=\"article:modified_time\" content=\"2023-12-23T03:54:09+00:00\" \/>\n<meta property=\"og:image\" content=\"https:\/\/starcarbonsports.com\/wp-content\/uploads\/2023\/12\/Padel-1.jpg\" \/>\n\t<meta property=\"og:image:width\" content=\"800\" \/>\n\t<meta property=\"og:image:height\" content=\"800\" \/>\n\t<meta property=\"og:image:type\" content=\"image\/jpeg\" \/>\n<meta name=\"twitter:card\" content=\"summary_large_image\" \/>\n<meta name=\"twitter:label1\" content=\"Tempo estimado de leitura\" \/>\n\t<meta name=\"twitter:data1\" content=\"1 minuto\" \/>\n<script type=\"application\/ld+json\" class=\"yoast-schema-graph\">{\"@context\":\"https:\\\/\\\/schema.org\",\"@graph\":[{\"@type\":\"WebPage\",\"@id\":\"https:\\\/\\\/starcarbonsports.com\\\/product\\\/padel-racket\\\/\",\"url\":\"https:\\\/\\\/starcarbonsports.com\\\/product\\\/padel-racket\\\/\",\"name\":\"Padel Racket - starcarbonsports\",\"isPartOf\":{\"@id\":\"https:\\\/\\\/starcarbonsports.com\\\/#website\"},\"primaryImageOfPage\":{\"@id\":\"https:\\\/\\\/starcarbonsports.com\\\/product\\\/padel-racket\\\/#primaryimage\"},\"image\":{\"@id\":\"https:\\\/\\\/starcarbonsports.com\\\/product\\\/padel-racket\\\/#primaryimage\"},\"thumbnailUrl\":\"https:\\\/\\\/starcarbonsports.com\\\/wp-content\\\/uploads\\\/2023\\\/12\\\/Padel-1.jpg\",\"datePublished\":\"2023-12-23T03:25:11+00:00\",\"dateModified\":\"2023-12-23T03:54:09+00:00\",\"breadcrumb\":{\"@id\":\"https:\\\/\\\/starcarbonsports.com\\\/product\\\/padel-racket\\\/#breadcrumb\"},\"inLanguage\":\"pt-PT\",\"potentialAction\":[{\"@type\":\"ReadAction\",\"target\":[\"https:\\\/\\\/starcarbonsports.com\\\/product\\\/padel-racket\\\/\"]}]},{\"@type\":\"ImageObject\",\"inLanguage\":\"pt-PT\",\"@id\":\"https:\\\/\\\/starcarbonsports.com\\\/product\\\/padel-racket\\\/#primaryimage\",\"url\":\"https:\\\/\\\/starcarbonsports.com\\\/wp-content\\\/uploads\\\/2023\\\/12\\\/Padel-1.jpg\",\"contentUrl\":\"https:\\\/\\\/starcarbonsports.com\\\/wp-content\\\/uploads\\\/2023\\\/12\\\/Padel-1.jpg\",\"width\":800,\"height\":800,\"caption\":\"Padel 1\"},{\"@type\":\"BreadcrumbList\",\"@id\":\"https:\\\/\\\/starcarbonsports.com\\\/product\\\/padel-racket\\\/#breadcrumb\",\"itemListElement\":[{\"@type\":\"ListItem\",\"position\":1,\"name\":\"\u9996\u9875\",\"item\":\"https:\\\/\\\/starcarbonsports.com\\\/\"},{\"@type\":\"ListItem\",\"position\":2,\"name\":\"Products\",\"item\":\"https:\\\/\\\/starcarbonsports.com\\\/shop\\\/\"},{\"@type\":\"ListItem\",\"position\":3,\"name\":\"Padel Racket\"}]},{\"@type\":\"WebSite\",\"@id\":\"https:\\\/\\\/starcarbonsports.com\\\/#website\",\"url\":\"https:\\\/\\\/starcarbonsports.com\\\/\",\"name\":\"starcarbonsports\",\"description\":\"starcarbonsports\",\"publisher\":{\"@id\":\"https:\\\/\\\/starcarbonsports.com\\\/#organization\"},\"potentialAction\":[{\"@type\":\"SearchAction\",\"target\":{\"@type\":\"EntryPoint\",\"urlTemplate\":\"https:\\\/\\\/starcarbonsports.com\\\/?s={search_term_string}\"},\"query-input\":{\"@type\":\"PropertyValueSpecification\",\"valueRequired\":true,\"valueName\":\"search_term_string\"}}],\"inLanguage\":\"pt-PT\"},{\"@type\":\"Organization\",\"@id\":\"https:\\\/\\\/starcarbonsports.com\\\/#organization\",\"name\":\"starcarbonsports\",\"url\":\"https:\\\/\\\/starcarbonsports.com\\\/\",\"logo\":{\"@type\":\"ImageObject\",\"inLanguage\":\"pt-PT\",\"@id\":\"https:\\\/\\\/starcarbonsports.com\\\/#\\\/schema\\\/logo\\\/image\\\/\",\"url\":\"https:\\\/\\\/starcarbonsports.com\\\/wp-content\\\/uploads\\\/2023\\\/12\\\/logo-512-1.png\",\"contentUrl\":\"https:\\\/\\\/starcarbonsports.com\\\/wp-content\\\/uploads\\\/2023\\\/12\\\/logo-512-1.png\",\"width\":512,\"height\":512,\"caption\":\"starcarbonsports\"},\"image\":{\"@id\":\"https:\\\/\\\/starcarbonsports.com\\\/#\\\/schema\\\/logo\\\/image\\\/\"}}]}<\/script>\n<!-- \/ Yoast SEO plugin. -->","yoast_head_json":{"title":"Padel Racket - starcarbonsports","robots":{"index":"index","follow":"follow","max-snippet":"max-snippet:-1","max-image-preview":"max-image-preview:large","max-video-preview":"max-video-preview:-1"},"canonical":"https:\/\/starcarbonsports.com\/pt\/produto\/padel-racket\/","og_locale":"pt_PT","og_type":"article","og_title":"Padel Racket - starcarbonsports","og_description":"MAXIMIZED SWEET SPOT \u2013 The enlarged sweet spot is optimized for the tear drop shaped frame. The weight feels good in the hand and the design was created in the USA.","og_url":"https:\/\/starcarbonsports.com\/pt\/produto\/padel-racket\/","og_site_name":"starcarbonsports","article_modified_time":"2023-12-23T03:54:09+00:00","og_image":[{"width":800,"height":800,"url":"https:\/\/starcarbonsports.com\/wp-content\/uploads\/2023\/12\/Padel-1.jpg","type":"image\/jpeg"}],"twitter_card":"summary_large_image","twitter_misc":{"Tempo estimado de leitura":"1 minuto"},"schema":{"@context":"https:\/\/schema.org","@graph":[{"@type":"WebPage","@id":"https:\/\/starcarbonsports.com\/product\/padel-racket\/","url":"https:\/\/starcarbonsports.com\/product\/padel-racket\/","name":"Padel Racket - starcarbonsports","isPartOf":{"@id":"https:\/\/starcarbonsports.com\/#website"},"primaryImageOfPage":{"@id":"https:\/\/starcarbonsports.com\/product\/padel-racket\/#primaryimage"},"image":{"@id":"https:\/\/starcarbonsports.com\/product\/padel-racket\/#primaryimage"},"thumbnailUrl":"https:\/\/starcarbonsports.com\/wp-content\/uploads\/2023\/12\/Padel-1.jpg","datePublished":"2023-12-23T03:25:11+00:00","dateModified":"2023-12-23T03:54:09+00:00","breadcrumb":{"@id":"https:\/\/starcarbonsports.com\/product\/padel-racket\/#breadcrumb"},"inLanguage":"pt-PT","potentialAction":[{"@type":"ReadAction","target":["https:\/\/starcarbonsports.com\/product\/padel-racket\/"]}]},{"@type":"ImageObject","inLanguage":"pt-PT","@id":"https:\/\/starcarbonsports.com\/product\/padel-racket\/#primaryimage","url":"https:\/\/starcarbonsports.com\/wp-content\/uploads\/2023\/12\/Padel-1.jpg","contentUrl":"https:\/\/starcarbonsports.com\/wp-content\/uploads\/2023\/12\/Padel-1.jpg","width":800,"height":800,"caption":"Padel 1"},{"@type":"BreadcrumbList","@id":"https:\/\/starcarbonsports.com\/product\/padel-racket\/#breadcrumb","itemListElement":[{"@type":"ListItem","position":1,"name":"\u9996\u9875","item":"https:\/\/starcarbonsports.com\/"},{"@type":"ListItem","position":2,"name":"Products","item":"https:\/\/starcarbonsports.com\/shop\/"},{"@type":"ListItem","position":3,"name":"Padel Racket"}]},{"@type":"WebSite","@id":"https:\/\/starcarbonsports.com\/#website","url":"https:\/\/starcarbonsports.com\/","name":"starcarbonsports","description":"starcarbonsports","publisher":{"@id":"https:\/\/starcarbonsports.com\/#organization"},"potentialAction":[{"@type":"SearchAction","target":{"@type":"EntryPoint","urlTemplate":"https:\/\/starcarbonsports.com\/?s={search_term_string}"},"query-input":{"@type":"PropertyValueSpecification","valueRequired":true,"valueName":"search_term_string"}}],"inLanguage":"pt-PT"},{"@type":"Organization","@id":"https:\/\/starcarbonsports.com\/#organization","name":"starcarbonsports","url":"https:\/\/starcarbonsports.com\/","logo":{"@type":"ImageObject","inLanguage":"pt-PT","@id":"https:\/\/starcarbonsports.com\/#\/schema\/logo\/image\/","url":"https:\/\/starcarbonsports.com\/wp-content\/uploads\/2023\/12\/logo-512-1.png","contentUrl":"https:\/\/starcarbonsports.com\/wp-content\/uploads\/2023\/12\/logo-512-1.png","width":512,"height":512,"caption":"starcarbonsports"},"image":{"@id":"https:\/\/starcarbonsports.com\/#\/schema\/logo\/image\/"}}]}},"_links":{"self":[{"href":"https:\/\/starcarbonsports.com\/pt\/wp-json\/wp\/v2\/product\/1625","targetHints":{"allow":["GET"]}}],"collection":[{"href":"https:\/\/starcarbonsports.com\/pt\/wp-json\/wp\/v2\/product"}],"about":[{"href":"https:\/\/starcarbonsports.com\/pt\/wp-json\/wp\/v2\/types\/product"}],"wp:featuredmedia":[{"embeddable":true,"href":"https:\/\/starcarbonsports.com\/pt\/wp-json\/wp\/v2\/media\/1634"}],"wp:attachment":[{"href":"https:\/\/starcarbonsports.com\/pt\/wp-json\/wp\/v2\/media?parent=1625"}],"wp:term":[{"taxonomy":"product_brand","embeddable":true,"href":"https:\/\/starcarbonsports.com\/pt\/wp-json\/wp\/v2\/product_brand?post=1625"},{"taxonomy":"product_cat","embeddable":true,"href":"https:\/\/starcarbonsports.com\/pt\/wp-json\/wp\/v2\/product_cat?post=1625"},{"taxonomy":"product_tag","embeddable":true,"href":"https:\/\/starcarbonsports.com\/pt\/wp-json\/wp\/v2\/product_tag?post=1625"}],"curies":[{"name":"wp","href":"https:\/\/api.w.org\/{rel}","templated":true}]}}