{"id":1694,"date":"2023-12-23T12:51:03","date_gmt":"2023-12-23T04:51:03","guid":{"rendered":"https:\/\/starcarbonsports.com\/?post_type=product&#038;p=1694"},"modified":"2023-12-23T12:51:35","modified_gmt":"2023-12-23T04:51:35","slug":"padel-racket-6","status":"publish","type":"product","link":"https:\/\/starcarbonsports.com\/fr\/produit\/padel-racket-6\/","title":{"rendered":"Raquette de padel"},"content":{"rendered":"<p><img fetchpriority=\"high\" decoding=\"async\" class=\"alignleft wp-image-1700\" src=\"https:\/\/starcarbonsports.com\/wp-content\/uploads\/2023\/12\/padel6-10.jpg\" alt=\"Padel6 10\" width=\"500\" height=\"334\" srcset=\"https:\/\/starcarbonsports.com\/wp-content\/uploads\/2023\/12\/padel6-10.jpg 976w, https:\/\/starcarbonsports.com\/wp-content\/uploads\/2023\/12\/padel6-10-500x334.jpg 500w, https:\/\/starcarbonsports.com\/wp-content\/uploads\/2023\/12\/padel6-10-300x200.jpg 300w, https:\/\/starcarbonsports.com\/wp-content\/uploads\/2023\/12\/padel6-10-768x512.jpg 768w\" sizes=\"(max-width: 500px) 100vw, 500px\" \/><\/p>\n<p>&nbsp;<\/p>\n<p>SURFACE EN FIBRES DE CARBONE - Donne une bonne adh\u00e9rence \u00e0 la balle et aide vraiment le joueur \u00e0 cr\u00e9er des effets et de la puissance dans ses coups. La raquette de padel est cr\u00e9\u00e9e pour am\u00e9liorer votre jeu et durer longtemps.<\/p>\n<p>MAXIMIZED SWEET SPOT - Le sweet spot \u00e9largi est optimis\u00e9 pour le cadre en forme de goutte d'eau. Le poids est agr\u00e9able dans la main et le design a \u00e9t\u00e9 cr\u00e9\u00e9 aux Etats-Unis.<br \/>\nDURABLE - Con\u00e7u pour les joueurs exigeants qui recherchent un padel qui durera longtemps et ne se cassera pas facilement comme d'autres mod\u00e8les concurrents moins chers. La fibre de carbone est l'un des mat\u00e9riaux les plus r\u00e9sistants \u00e0 l'usure.<\/p>\n<p>&nbsp;<\/p>\n<p>&nbsp;<\/p>\n<p>&nbsp;<\/p>\n<p><img decoding=\"async\" class=\"alignleft wp-image-1697\" src=\"https:\/\/starcarbonsports.com\/wp-content\/uploads\/2023\/12\/padel6-1.jpg\" alt=\"\" width=\"330\" height=\"220\" srcset=\"https:\/\/starcarbonsports.com\/wp-content\/uploads\/2023\/12\/padel6-1.jpg 976w, https:\/\/starcarbonsports.com\/wp-content\/uploads\/2023\/12\/padel6-1-500x334.jpg 500w, https:\/\/starcarbonsports.com\/wp-content\/uploads\/2023\/12\/padel6-1-300x200.jpg 300w, https:\/\/starcarbonsports.com\/wp-content\/uploads\/2023\/12\/padel6-1-768x512.jpg 768w\" sizes=\"(max-width: 330px) 100vw, 330px\" \/><\/p>\n<p><img decoding=\"async\" class=\"wp-image-1698 alignleft\" src=\"https:\/\/starcarbonsports.com\/wp-content\/uploads\/2023\/12\/padel6-2.jpg\" alt=\"\" width=\"330\" height=\"220\" srcset=\"https:\/\/starcarbonsports.com\/wp-content\/uploads\/2023\/12\/padel6-2.jpg 976w, https:\/\/starcarbonsports.com\/wp-content\/uploads\/2023\/12\/padel6-2-500x334.jpg 500w, https:\/\/starcarbonsports.com\/wp-content\/uploads\/2023\/12\/padel6-2-300x200.jpg 300w, https:\/\/starcarbonsports.com\/wp-content\/uploads\/2023\/12\/padel6-2-768x512.jpg 768w\" sizes=\"(max-width: 330px) 100vw, 330px\" \/><\/p>\n<p><img loading=\"lazy\" decoding=\"async\" class=\"alignleft wp-image-1699\" src=\"https:\/\/starcarbonsports.com\/wp-content\/uploads\/2023\/12\/padel6-3.jpg\" alt=\"\" width=\"330\" height=\"220\" srcset=\"https:\/\/starcarbonsports.com\/wp-content\/uploads\/2023\/12\/padel6-3.jpg 976w, https:\/\/starcarbonsports.com\/wp-content\/uploads\/2023\/12\/padel6-3-500x334.jpg 500w, https:\/\/starcarbonsports.com\/wp-content\/uploads\/2023\/12\/padel6-3-300x200.jpg 300w, https:\/\/starcarbonsports.com\/wp-content\/uploads\/2023\/12\/padel6-3-768x512.jpg 768w\" sizes=\"(max-width: 330px) 100vw, 330px\" \/><\/p>\n<p>&nbsp;<\/p>\n<p>&nbsp;<\/p>\n<p>&nbsp;<\/p>\n<p>&nbsp;<\/p>\n<p>&nbsp;<\/p>\n<p>&nbsp;<\/p>\n<table border=\"0\" width=\"780\" cellspacing=\"0\" cellpadding=\"0\">\n<tbody>\n<tr>\n<td class=\"et3\" colspan=\"2\" width=\"366\" height=\"36\"><span class=\"font1\">D\u00e9tails techniques<\/span><\/td>\n<td class=\"et2\" rowspan=\"7\" width=\"414\"><img loading=\"lazy\" decoding=\"async\" class=\"alignnone wp-image-838\" src=\"http:\/\/amitosports.com\/wp-content\/uploads\/2023\/11\/padel6-10-500x334.jpg.webp\" sizes=\"(max-width: 633px) 100vw, 633px\" srcset=\"https:\/\/amitosports.com\/wp-content\/uploads\/2023\/11\/padel6-10-500x334.jpg.webp 500w, https:\/\/amitosports.com\/wp-content\/uploads\/2023\/11\/padel6-10-768x512.jpg.webp 768w, https:\/\/amitosports.com\/wp-content\/uploads\/2023\/11\/padel6-10-600x400.jpg.webp 600w, https:\/\/amitosports.com\/wp-content\/uploads\/2023\/11\/padel6-10.jpg.webp 976w\" alt=\"\" width=\"633\" height=\"423\" \/><\/td>\n<\/tr>\n<tr>\n<td class=\"et4\" width=\"196\" height=\"21\"><span class=\"font2\">Marque<\/span><\/td>\n<td class=\"et5\" width=\"170\"><span class=\"font3\">OEM\/ODM<\/span><\/td>\n<\/tr>\n<tr>\n<td class=\"et4\" width=\"196\" height=\"21\"><span class=\"font2\">Type de sport<\/span><\/td>\n<td class=\"et5\" width=\"170\"><span class=\"font3\">Tennis<\/span><\/td>\n<\/tr>\n<tr>\n<td class=\"et6\" width=\"196\" height=\"21\"><span class=\"font2\">Mat\u00e9riau<\/span><\/td>\n<td class=\"et7\" width=\"170\"><span class=\"font3\">Fibre de carbone<\/span><\/td>\n<\/tr>\n<tr>\n<td class=\"et6\" width=\"196\" height=\"21\"><span class=\"font2\">Niveau de comp\u00e9tence<\/span><\/td>\n<td class=\"et7\" width=\"170\"><span class=\"font3\">Tous les niveaux<\/span><\/td>\n<\/tr>\n<tr>\n<td class=\"et6\" width=\"196\" height=\"21\"><span class=\"font2\">Mat\u00e9riau du cadre<\/span><\/td>\n<td class=\"et7\" width=\"170\"><span class=\"font3\">Fibre de carbone<\/span><\/td>\n<\/tr>\n<tr>\n<td class=\"et6\" width=\"196\" height=\"21\"><span class=\"font2\">Mat\u00e9riau de l'arbre<\/span><\/td>\n<td class=\"et7\" width=\"170\"><span class=\"font3\">Fibre de carbone<\/span><\/td>\n<\/tr>\n<\/tbody>\n<\/table>\n<p>&nbsp;<\/p>\n<table border=\"0\" width=\"1213\" cellspacing=\"0\" cellpadding=\"0\">\n<tbody>\n<tr>\n<td class=\"et2\" rowspan=\"8\" width=\"624\" height=\"162\"><img loading=\"lazy\" decoding=\"async\" class=\"alignnone wp-image-839\" src=\"http:\/\/amitosports.com\/wp-content\/uploads\/2023\/11\/padel6-11-500x334.jpg.webp\" sizes=\"(max-width: 617px) 100vw, 617px\" srcset=\"https:\/\/amitosports.com\/wp-content\/uploads\/2023\/11\/padel6-11-500x334.jpg.webp 500w, https:\/\/amitosports.com\/wp-content\/uploads\/2023\/11\/padel6-11-768x512.jpg.webp 768w, https:\/\/amitosports.com\/wp-content\/uploads\/2023\/11\/padel6-11-600x400.jpg.webp 600w, https:\/\/amitosports.com\/wp-content\/uploads\/2023\/11\/padel6-11.jpg.webp 976w\" alt=\"\" width=\"617\" height=\"412\" \/><\/td>\n<td class=\"et4\" colspan=\"2\" width=\"589\"><span class=\"font1\">D\u00e9tails techniques<\/span><\/td>\n<\/tr>\n<tr>\n<td class=\"et5\" width=\"303\"><span class=\"font2\">Article Dimensions de l'emballage L x L x H<\/span><\/td>\n<td class=\"et6\" width=\"286\"><span class=\"font3\">19.53 x 11.14 x 2.56 pouces<\/span><\/td>\n<\/tr>\n<tr>\n<td class=\"et5\" width=\"303\"><span class=\"font2\">Poids de l'emballage<\/span><\/td>\n<td class=\"et6\" width=\"286\"><span class=\"font3\">0,58 kilogramme<\/span><\/td>\n<\/tr>\n<tr>\n<td class=\"et5\" width=\"303\"><span class=\"font2\">Nom de la marque<\/span><\/td>\n<td class=\"et6\" width=\"286\"><span class=\"font3\">OEM\/ODM<\/span><\/td>\n<\/tr>\n<tr>\n<td class=\"et5\" width=\"303\"><span class=\"font2\">Mat\u00e9riau<\/span><\/td>\n<td class=\"et6\" width=\"286\"><span class=\"font3\">Fibre de carbone<\/span><\/td>\n<\/tr>\n<tr>\n<td class=\"et5\" width=\"303\"><span class=\"font2\">Fabricant<\/span><\/td>\n<td class=\"et6\" width=\"286\"><span class=\"font3\">Roche de carbone<\/span><\/td>\n<\/tr>\n<tr>\n<td class=\"et5\" width=\"303\"><span class=\"font2\">Type de sport<\/span><\/td>\n<td class=\"et6\" width=\"286\"><span class=\"font3\">Tennis<\/span><\/td>\n<\/tr>\n<tr>\n<td class=\"et5\" width=\"303\"><span class=\"font2\">Niveau de comp\u00e9tence<\/span><\/td>\n<td class=\"et6\" width=\"286\"><span class=\"font3\">Tous les niveaux<\/span><\/td>\n<\/tr>\n<\/tbody>\n<\/table>\n<p><strong>Plus de d\u00e9tails sur le produit<\/strong><\/p>\n<p><img loading=\"lazy\" decoding=\"async\" class=\"wp-image-1701 alignleft\" src=\"https:\/\/starcarbonsports.com\/wp-content\/uploads\/2023\/12\/padel6-5.jpg\" alt=\"\" width=\"500\" height=\"750\" srcset=\"https:\/\/starcarbonsports.com\/wp-content\/uploads\/2023\/12\/padel6-5.jpg 976w, https:\/\/starcarbonsports.com\/wp-content\/uploads\/2023\/12\/padel6-5-500x750.jpg 500w, https:\/\/starcarbonsports.com\/wp-content\/uploads\/2023\/12\/padel6-5-200x300.jpg 200w, https:\/\/starcarbonsports.com\/wp-content\/uploads\/2023\/12\/padel6-5-683x1024.jpg 683w, https:\/\/starcarbonsports.com\/wp-content\/uploads\/2023\/12\/padel6-5-768x1152.jpg 768w\" sizes=\"(max-width: 500px) 100vw, 500px\" \/><\/p>\n<p><img loading=\"lazy\" decoding=\"async\" class=\"wp-image-1702 alignleft\" src=\"https:\/\/starcarbonsports.com\/wp-content\/uploads\/2023\/12\/padel6-7.jpg\" alt=\"\" width=\"500\" height=\"750\" srcset=\"https:\/\/starcarbonsports.com\/wp-content\/uploads\/2023\/12\/padel6-7.jpg 976w, https:\/\/starcarbonsports.com\/wp-content\/uploads\/2023\/12\/padel6-7-500x750.jpg 500w, https:\/\/starcarbonsports.com\/wp-content\/uploads\/2023\/12\/padel6-7-200x300.jpg 200w, https:\/\/starcarbonsports.com\/wp-content\/uploads\/2023\/12\/padel6-7-683x1024.jpg 683w, https:\/\/starcarbonsports.com\/wp-content\/uploads\/2023\/12\/padel6-7-768x1152.jpg 768w\" sizes=\"(max-width: 500px) 100vw, 500px\" \/><\/p>\n<p><img loading=\"lazy\" decoding=\"async\" class=\"alignleft wp-image-1703\" src=\"https:\/\/starcarbonsports.com\/wp-content\/uploads\/2023\/12\/padel6-8.jpg\" alt=\"\" width=\"500\" height=\"750\" srcset=\"https:\/\/starcarbonsports.com\/wp-content\/uploads\/2023\/12\/padel6-8.jpg 976w, https:\/\/starcarbonsports.com\/wp-content\/uploads\/2023\/12\/padel6-8-500x750.jpg 500w, https:\/\/starcarbonsports.com\/wp-content\/uploads\/2023\/12\/padel6-8-200x300.jpg 200w, https:\/\/starcarbonsports.com\/wp-content\/uploads\/2023\/12\/padel6-8-683x1024.jpg 683w, https:\/\/starcarbonsports.com\/wp-content\/uploads\/2023\/12\/padel6-8-768x1152.jpg 768w\" sizes=\"(max-width: 500px) 100vw, 500px\" \/><\/p>\n<p><img loading=\"lazy\" decoding=\"async\" class=\"alignleft wp-image-1704\" src=\"https:\/\/starcarbonsports.com\/wp-content\/uploads\/2023\/12\/padel6-9.jpg\" alt=\"\" width=\"500\" height=\"750\" srcset=\"https:\/\/starcarbonsports.com\/wp-content\/uploads\/2023\/12\/padel6-9.jpg 976w, https:\/\/starcarbonsports.com\/wp-content\/uploads\/2023\/12\/padel6-9-500x750.jpg 500w, https:\/\/starcarbonsports.com\/wp-content\/uploads\/2023\/12\/padel6-9-200x300.jpg 200w, https:\/\/starcarbonsports.com\/wp-content\/uploads\/2023\/12\/padel6-9-683x1024.jpg 683w, https:\/\/starcarbonsports.com\/wp-content\/uploads\/2023\/12\/padel6-9-768x1152.jpg 768w\" sizes=\"(max-width: 500px) 100vw, 500px\" \/><\/p>","protected":false},"excerpt":{"rendered":"<p>MAXIMISE SWEET SPOT - Le sweet spot \u00e9largi est optimis\u00e9 pour le cadre en forme de goutte d'eau. Le poids est agr\u00e9able dans la main et le design a \u00e9t\u00e9 cr\u00e9\u00e9 aux Etats-Unis.<\/p>","protected":false},"featured_media":1695,"template":"","meta":{"site-sidebar-layout":"default","site-content-layout":"","ast-site-content-layout":"default","site-content-style":"default","site-sidebar-style":"default","ast-global-header-display":"","ast-banner-title-visibility":"","ast-main-header-display":"","ast-hfb-above-header-display":"","ast-hfb-below-header-display":"","ast-hfb-mobile-header-display":"","site-post-title":"","ast-breadcrumbs-content":"","ast-featured-img":"","footer-sml-layout":"","ast-disable-related-posts":"","theme-transparent-header-meta":"default","adv-header-id-meta":"","stick-header-meta":"","header-above-stick-meta":"","header-main-stick-meta":"","header-below-stick-meta":"","astra-migrate-meta-layouts":"set","ast-page-background-enabled":"default","ast-page-background-meta":{"desktop":{"background-color":"","background-image":"","background-repeat":"repeat","background-position":"center center","background-size":"auto","background-attachment":"scroll","background-type":"","background-media":"","overlay-type":"","overlay-color":"","overlay-opacity":"","overlay-gradient":""},"tablet":{"background-color":"","background-image":"","background-repeat":"repeat","background-position":"center center","background-size":"auto","background-attachment":"scroll","background-type":"","background-media":"","overlay-type":"","overlay-color":"","overlay-opacity":"","overlay-gradient":""},"mobile":{"background-color":"","background-image":"","background-repeat":"repeat","background-position":"center center","background-size":"auto","background-attachment":"scroll","background-type":"","background-media":"","overlay-type":"","overlay-color":"","overlay-opacity":"","overlay-gradient":""}},"ast-content-background-meta":{"desktop":{"background-color":"var(--ast-global-color-5)","background-image":"","background-repeat":"repeat","background-position":"center center","background-size":"auto","background-attachment":"scroll","background-type":"","background-media":"","overlay-type":"","overlay-color":"","overlay-opacity":"","overlay-gradient":""},"tablet":{"background-color":"var(--ast-global-color-5)","background-image":"","background-repeat":"repeat","background-position":"center center","background-size":"auto","background-attachment":"scroll","background-type":"","background-media":"","overlay-type":"","overlay-color":"","overlay-opacity":"","overlay-gradient":""},"mobile":{"background-color":"var(--ast-global-color-5)","background-image":"","background-repeat":"repeat","background-position":"center center","background-size":"auto","background-attachment":"scroll","background-type":"","background-media":"","overlay-type":"","overlay-color":"","overlay-opacity":"","overlay-gradient":""}}},"product_brand":[],"product_cat":[17],"product_tag":[],"class_list":{"0":"post-1694","1":"product","2":"type-product","3":"status-publish","4":"has-post-thumbnail","6":"product_cat-padel-racket","7":"desktop-align-center","8":"tablet-align-left","9":"mobile-align-left","11":"first","12":"instock","13":"shipping-taxable","14":"product-type-simple"},"yoast_head":"<!-- This site is optimized with the Yoast SEO plugin v27.4 - https:\/\/yoast.com\/product\/yoast-seo-wordpress\/ -->\n<title>Padel Racket - starcarbonsports<\/title>\n<meta name=\"robots\" content=\"index, follow, max-snippet:-1, max-image-preview:large, max-video-preview:-1\" \/>\n<link rel=\"canonical\" href=\"https:\/\/starcarbonsports.com\/fr\/produit\/padel-racket-6\/\" \/>\n<meta property=\"og:locale\" content=\"fr_FR\" \/>\n<meta property=\"og:type\" content=\"article\" \/>\n<meta property=\"og:title\" content=\"Padel Racket - starcarbonsports\" \/>\n<meta property=\"og:description\" content=\"MAXIMIZED SWEET SPOT \u2013 The enlarged sweet spot is optimized for the tear drop shaped frame. The weight feels good in the hand and the design was created in the USA.\" \/>\n<meta property=\"og:url\" content=\"https:\/\/starcarbonsports.com\/fr\/produit\/padel-racket-6\/\" \/>\n<meta property=\"og:site_name\" content=\"starcarbonsports\" \/>\n<meta property=\"article:modified_time\" content=\"2023-12-23T04:51:35+00:00\" \/>\n<meta property=\"og:image\" content=\"https:\/\/starcarbonsports.com\/wp-content\/uploads\/2023\/12\/Padel-6.jpg\" \/>\n\t<meta property=\"og:image:width\" content=\"640\" \/>\n\t<meta property=\"og:image:height\" content=\"640\" \/>\n\t<meta property=\"og:image:type\" content=\"image\/jpeg\" \/>\n<meta name=\"twitter:card\" content=\"summary_large_image\" \/>\n<meta name=\"twitter:label1\" content=\"Dur\u00e9e de lecture estim\u00e9e\" \/>\n\t<meta name=\"twitter:data1\" content=\"1 minute\" \/>\n<script type=\"application\/ld+json\" class=\"yoast-schema-graph\">{\"@context\":\"https:\\\/\\\/schema.org\",\"@graph\":[{\"@type\":\"WebPage\",\"@id\":\"https:\\\/\\\/starcarbonsports.com\\\/product\\\/padel-racket-6\\\/\",\"url\":\"https:\\\/\\\/starcarbonsports.com\\\/product\\\/padel-racket-6\\\/\",\"name\":\"Padel Racket - starcarbonsports\",\"isPartOf\":{\"@id\":\"https:\\\/\\\/starcarbonsports.com\\\/#website\"},\"primaryImageOfPage\":{\"@id\":\"https:\\\/\\\/starcarbonsports.com\\\/product\\\/padel-racket-6\\\/#primaryimage\"},\"image\":{\"@id\":\"https:\\\/\\\/starcarbonsports.com\\\/product\\\/padel-racket-6\\\/#primaryimage\"},\"thumbnailUrl\":\"https:\\\/\\\/starcarbonsports.com\\\/wp-content\\\/uploads\\\/2023\\\/12\\\/Padel-6.jpg\",\"datePublished\":\"2023-12-23T04:51:03+00:00\",\"dateModified\":\"2023-12-23T04:51:35+00:00\",\"breadcrumb\":{\"@id\":\"https:\\\/\\\/starcarbonsports.com\\\/product\\\/padel-racket-6\\\/#breadcrumb\"},\"inLanguage\":\"fr-FR\",\"potentialAction\":[{\"@type\":\"ReadAction\",\"target\":[\"https:\\\/\\\/starcarbonsports.com\\\/product\\\/padel-racket-6\\\/\"]}]},{\"@type\":\"ImageObject\",\"inLanguage\":\"fr-FR\",\"@id\":\"https:\\\/\\\/starcarbonsports.com\\\/product\\\/padel-racket-6\\\/#primaryimage\",\"url\":\"https:\\\/\\\/starcarbonsports.com\\\/wp-content\\\/uploads\\\/2023\\\/12\\\/Padel-6.jpg\",\"contentUrl\":\"https:\\\/\\\/starcarbonsports.com\\\/wp-content\\\/uploads\\\/2023\\\/12\\\/Padel-6.jpg\",\"width\":640,\"height\":640,\"caption\":\"Padel 6\"},{\"@type\":\"BreadcrumbList\",\"@id\":\"https:\\\/\\\/starcarbonsports.com\\\/product\\\/padel-racket-6\\\/#breadcrumb\",\"itemListElement\":[{\"@type\":\"ListItem\",\"position\":1,\"name\":\"\u9996\u9875\",\"item\":\"https:\\\/\\\/starcarbonsports.com\\\/\"},{\"@type\":\"ListItem\",\"position\":2,\"name\":\"Products\",\"item\":\"https:\\\/\\\/starcarbonsports.com\\\/shop\\\/\"},{\"@type\":\"ListItem\",\"position\":3,\"name\":\"Padel Racket\"}]},{\"@type\":\"WebSite\",\"@id\":\"https:\\\/\\\/starcarbonsports.com\\\/#website\",\"url\":\"https:\\\/\\\/starcarbonsports.com\\\/\",\"name\":\"starcarbonsports\",\"description\":\"starcarbonsports\",\"publisher\":{\"@id\":\"https:\\\/\\\/starcarbonsports.com\\\/#organization\"},\"potentialAction\":[{\"@type\":\"SearchAction\",\"target\":{\"@type\":\"EntryPoint\",\"urlTemplate\":\"https:\\\/\\\/starcarbonsports.com\\\/?s={search_term_string}\"},\"query-input\":{\"@type\":\"PropertyValueSpecification\",\"valueRequired\":true,\"valueName\":\"search_term_string\"}}],\"inLanguage\":\"fr-FR\"},{\"@type\":\"Organization\",\"@id\":\"https:\\\/\\\/starcarbonsports.com\\\/#organization\",\"name\":\"starcarbonsports\",\"url\":\"https:\\\/\\\/starcarbonsports.com\\\/\",\"logo\":{\"@type\":\"ImageObject\",\"inLanguage\":\"fr-FR\",\"@id\":\"https:\\\/\\\/starcarbonsports.com\\\/#\\\/schema\\\/logo\\\/image\\\/\",\"url\":\"https:\\\/\\\/starcarbonsports.com\\\/wp-content\\\/uploads\\\/2023\\\/12\\\/logo-512-1.png\",\"contentUrl\":\"https:\\\/\\\/starcarbonsports.com\\\/wp-content\\\/uploads\\\/2023\\\/12\\\/logo-512-1.png\",\"width\":512,\"height\":512,\"caption\":\"starcarbonsports\"},\"image\":{\"@id\":\"https:\\\/\\\/starcarbonsports.com\\\/#\\\/schema\\\/logo\\\/image\\\/\"}}]}<\/script>\n<!-- \/ Yoast SEO plugin. -->","yoast_head_json":{"title":"Padel Racket - starcarbonsports","robots":{"index":"index","follow":"follow","max-snippet":"max-snippet:-1","max-image-preview":"max-image-preview:large","max-video-preview":"max-video-preview:-1"},"canonical":"https:\/\/starcarbonsports.com\/fr\/produit\/padel-racket-6\/","og_locale":"fr_FR","og_type":"article","og_title":"Padel Racket - starcarbonsports","og_description":"MAXIMIZED SWEET SPOT \u2013 The enlarged sweet spot is optimized for the tear drop shaped frame. The weight feels good in the hand and the design was created in the USA.","og_url":"https:\/\/starcarbonsports.com\/fr\/produit\/padel-racket-6\/","og_site_name":"starcarbonsports","article_modified_time":"2023-12-23T04:51:35+00:00","og_image":[{"width":640,"height":640,"url":"https:\/\/starcarbonsports.com\/wp-content\/uploads\/2023\/12\/Padel-6.jpg","type":"image\/jpeg"}],"twitter_card":"summary_large_image","twitter_misc":{"Dur\u00e9e de lecture estim\u00e9e":"1 minute"},"schema":{"@context":"https:\/\/schema.org","@graph":[{"@type":"WebPage","@id":"https:\/\/starcarbonsports.com\/product\/padel-racket-6\/","url":"https:\/\/starcarbonsports.com\/product\/padel-racket-6\/","name":"Padel Racket - starcarbonsports","isPartOf":{"@id":"https:\/\/starcarbonsports.com\/#website"},"primaryImageOfPage":{"@id":"https:\/\/starcarbonsports.com\/product\/padel-racket-6\/#primaryimage"},"image":{"@id":"https:\/\/starcarbonsports.com\/product\/padel-racket-6\/#primaryimage"},"thumbnailUrl":"https:\/\/starcarbonsports.com\/wp-content\/uploads\/2023\/12\/Padel-6.jpg","datePublished":"2023-12-23T04:51:03+00:00","dateModified":"2023-12-23T04:51:35+00:00","breadcrumb":{"@id":"https:\/\/starcarbonsports.com\/product\/padel-racket-6\/#breadcrumb"},"inLanguage":"fr-FR","potentialAction":[{"@type":"ReadAction","target":["https:\/\/starcarbonsports.com\/product\/padel-racket-6\/"]}]},{"@type":"ImageObject","inLanguage":"fr-FR","@id":"https:\/\/starcarbonsports.com\/product\/padel-racket-6\/#primaryimage","url":"https:\/\/starcarbonsports.com\/wp-content\/uploads\/2023\/12\/Padel-6.jpg","contentUrl":"https:\/\/starcarbonsports.com\/wp-content\/uploads\/2023\/12\/Padel-6.jpg","width":640,"height":640,"caption":"Padel 6"},{"@type":"BreadcrumbList","@id":"https:\/\/starcarbonsports.com\/product\/padel-racket-6\/#breadcrumb","itemListElement":[{"@type":"ListItem","position":1,"name":"\u9996\u9875","item":"https:\/\/starcarbonsports.com\/"},{"@type":"ListItem","position":2,"name":"Products","item":"https:\/\/starcarbonsports.com\/shop\/"},{"@type":"ListItem","position":3,"name":"Padel Racket"}]},{"@type":"WebSite","@id":"https:\/\/starcarbonsports.com\/#website","url":"https:\/\/starcarbonsports.com\/","name":"starcarbonsports","description":"starcarbonsports","publisher":{"@id":"https:\/\/starcarbonsports.com\/#organization"},"potentialAction":[{"@type":"SearchAction","target":{"@type":"EntryPoint","urlTemplate":"https:\/\/starcarbonsports.com\/?s={search_term_string}"},"query-input":{"@type":"PropertyValueSpecification","valueRequired":true,"valueName":"search_term_string"}}],"inLanguage":"fr-FR"},{"@type":"Organization","@id":"https:\/\/starcarbonsports.com\/#organization","name":"starcarbonsports","url":"https:\/\/starcarbonsports.com\/","logo":{"@type":"ImageObject","inLanguage":"fr-FR","@id":"https:\/\/starcarbonsports.com\/#\/schema\/logo\/image\/","url":"https:\/\/starcarbonsports.com\/wp-content\/uploads\/2023\/12\/logo-512-1.png","contentUrl":"https:\/\/starcarbonsports.com\/wp-content\/uploads\/2023\/12\/logo-512-1.png","width":512,"height":512,"caption":"starcarbonsports"},"image":{"@id":"https:\/\/starcarbonsports.com\/#\/schema\/logo\/image\/"}}]}},"_links":{"self":[{"href":"https:\/\/starcarbonsports.com\/fr\/wp-json\/wp\/v2\/product\/1694","targetHints":{"allow":["GET"]}}],"collection":[{"href":"https:\/\/starcarbonsports.com\/fr\/wp-json\/wp\/v2\/product"}],"about":[{"href":"https:\/\/starcarbonsports.com\/fr\/wp-json\/wp\/v2\/types\/product"}],"wp:featuredmedia":[{"embeddable":true,"href":"https:\/\/starcarbonsports.com\/fr\/wp-json\/wp\/v2\/media\/1695"}],"wp:attachment":[{"href":"https:\/\/starcarbonsports.com\/fr\/wp-json\/wp\/v2\/media?parent=1694"}],"wp:term":[{"taxonomy":"product_brand","embeddable":true,"href":"https:\/\/starcarbonsports.com\/fr\/wp-json\/wp\/v2\/product_brand?post=1694"},{"taxonomy":"product_cat","embeddable":true,"href":"https:\/\/starcarbonsports.com\/fr\/wp-json\/wp\/v2\/product_cat?post=1694"},{"taxonomy":"product_tag","embeddable":true,"href":"https:\/\/starcarbonsports.com\/fr\/wp-json\/wp\/v2\/product_tag?post=1694"}],"curies":[{"name":"wp","href":"https:\/\/api.w.org\/{rel}","templated":true}]}}