{"id":1672,"date":"2023-12-23T12:16:53","date_gmt":"2023-12-23T04:16:53","guid":{"rendered":"https:\/\/starcarbonsports.com\/?post_type=product&#038;p=1672"},"modified":"2023-12-23T12:16:53","modified_gmt":"2023-12-23T04:16:53","slug":"padel-racket-4","status":"publish","type":"product","link":"https:\/\/starcarbonsports.com\/es\/producto\/padel-racket-4\/","title":{"rendered":"Raqueta de p\u00e1del"},"content":{"rendered":"<p>&nbsp;<\/p>\n<p><img fetchpriority=\"high\" decoding=\"async\" class=\"wp-image-1678 alignleft\" src=\"https:\/\/starcarbonsports.com\/wp-content\/uploads\/2023\/12\/padel-4-8.jpg\" alt=\"Padel 4 8\" width=\"500\" height=\"334\" srcset=\"https:\/\/starcarbonsports.com\/wp-content\/uploads\/2023\/12\/padel-4-8.jpg 976w, https:\/\/starcarbonsports.com\/wp-content\/uploads\/2023\/12\/padel-4-8-500x334.jpg 500w, https:\/\/starcarbonsports.com\/wp-content\/uploads\/2023\/12\/padel-4-8-300x200.jpg 300w, https:\/\/starcarbonsports.com\/wp-content\/uploads\/2023\/12\/padel-4-8-768x512.jpg 768w\" sizes=\"(max-width: 500px) 100vw, 500px\" \/><\/p>\n<p>&nbsp;<\/p>\n<p>&nbsp;<\/p>\n<p>\u2605 SUPERFICIE DE FIBRA DE CARBONO - Da un buen agarre de la pelota y realmente ayuda al jugador a crear efecto y potencia en los golpes. La raqueta de p\u00e1del est\u00e1 creada para mejorar tu juego y durar mucho tiempo.<\/p>\n<p>\u2605 PUNTO DULCE MAXIMIZADO - El punto dulce ampliado est\u00e1 optimizado para el marco en forma de l\u00e1grima. El peso se siente bien en la mano y el dise\u00f1o fue creado en los EE.UU..<br \/>\n\u2605 DURABLE - Hecho para el jugador exigente que busca una pala que dure mucho tiempo y no se rompa f\u00e1cilmente como otros modelos m\u00e1s baratos de la competencia. La fibra de carbono es uno de los materiales m\u00e1s resistentes al desgaste.<\/p>\n<p>&nbsp;<\/p>\n<p>&nbsp;<\/p>\n<p>&nbsp;<\/p>\n<p>&nbsp;<\/p>\n<p><img decoding=\"async\" class=\"wp-image-1675 alignleft\" src=\"https:\/\/starcarbonsports.com\/wp-content\/uploads\/2023\/12\/padel-4-5.jpg\" alt=\"\" width=\"330\" height=\"220\" srcset=\"https:\/\/starcarbonsports.com\/wp-content\/uploads\/2023\/12\/padel-4-5.jpg 976w, https:\/\/starcarbonsports.com\/wp-content\/uploads\/2023\/12\/padel-4-5-500x334.jpg 500w, https:\/\/starcarbonsports.com\/wp-content\/uploads\/2023\/12\/padel-4-5-300x200.jpg 300w, https:\/\/starcarbonsports.com\/wp-content\/uploads\/2023\/12\/padel-4-5-768x512.jpg 768w\" sizes=\"(max-width: 330px) 100vw, 330px\" \/><\/p>\n<p><img decoding=\"async\" class=\"wp-image-1676 alignleft\" src=\"https:\/\/starcarbonsports.com\/wp-content\/uploads\/2023\/12\/padel-4-6.jpg\" alt=\"\" width=\"330\" height=\"220\" srcset=\"https:\/\/starcarbonsports.com\/wp-content\/uploads\/2023\/12\/padel-4-6.jpg 976w, https:\/\/starcarbonsports.com\/wp-content\/uploads\/2023\/12\/padel-4-6-500x334.jpg 500w, https:\/\/starcarbonsports.com\/wp-content\/uploads\/2023\/12\/padel-4-6-300x200.jpg 300w, https:\/\/starcarbonsports.com\/wp-content\/uploads\/2023\/12\/padel-4-6-768x512.jpg 768w\" sizes=\"(max-width: 330px) 100vw, 330px\" \/><\/p>\n<p><img loading=\"lazy\" decoding=\"async\" class=\"wp-image-1677 alignleft\" src=\"https:\/\/starcarbonsports.com\/wp-content\/uploads\/2023\/12\/padel-4-7.jpg\" alt=\"\" width=\"330\" height=\"220\" srcset=\"https:\/\/starcarbonsports.com\/wp-content\/uploads\/2023\/12\/padel-4-7.jpg 976w, https:\/\/starcarbonsports.com\/wp-content\/uploads\/2023\/12\/padel-4-7-500x334.jpg 500w, https:\/\/starcarbonsports.com\/wp-content\/uploads\/2023\/12\/padel-4-7-300x200.jpg 300w, https:\/\/starcarbonsports.com\/wp-content\/uploads\/2023\/12\/padel-4-7-768x512.jpg 768w\" sizes=\"(max-width: 330px) 100vw, 330px\" \/><\/p>\n<p>&nbsp;<\/p>\n<p>&nbsp;<\/p>\n<p>&nbsp;<\/p>\n<p>&nbsp;<\/p>\n<p>&nbsp;<\/p>\n<p>&nbsp;<\/p>\n<table border=\"0\" width=\"780\" cellspacing=\"0\" cellpadding=\"0\">\n<tbody>\n<tr>\n<td class=\"et3\" colspan=\"2\" width=\"366\" height=\"72\"><span class=\"font1\">Detalles t\u00e9cnicos<\/span><\/td>\n<td width=\"414\"><\/td>\n<\/tr>\n<tr>\n<td class=\"et4\" width=\"196\" height=\"21\"><span class=\"font2\">Marca<\/span><\/td>\n<td class=\"et5\" width=\"170\"><span class=\"font3\">OEM\/ODM<\/span><\/td>\n<td class=\"et2\" rowspan=\"6\"><img loading=\"lazy\" decoding=\"async\" class=\"alignnone  wp-image-745\" src=\"http:\/\/amitosports.com\/wp-content\/uploads\/2023\/11\/Padel-4-4-500x500.jpg.webp\" sizes=\"(max-width: 634px) 100vw, 634px\" srcset=\"https:\/\/amitosports.com\/wp-content\/uploads\/2023\/11\/Padel-4-4-500x500.jpg.webp 500w, https:\/\/amitosports.com\/wp-content\/uploads\/2023\/11\/Padel-4-4-768x768.jpg.webp 768w, https:\/\/amitosports.com\/wp-content\/uploads\/2023\/11\/Padel-4-4-300x300.jpg.webp 300w, https:\/\/amitosports.com\/wp-content\/uploads\/2023\/11\/Padel-4-4-600x600.jpg.webp 600w, https:\/\/amitosports.com\/wp-content\/uploads\/2023\/11\/Padel-4-4-100x100.jpg.webp 100w, https:\/\/amitosports.com\/wp-content\/uploads\/2023\/11\/Padel-4-4.jpg.webp 800w\" alt=\"Padel Racket\" width=\"634\" height=\"634\" \/><\/td>\n<\/tr>\n<tr>\n<td class=\"et4\" width=\"196\" height=\"21\"><span class=\"font2\">Tipo de deporte<\/span><\/td>\n<td class=\"et5\" width=\"170\"><span class=\"font3\">Tenis<\/span><\/td>\n<\/tr>\n<tr>\n<td class=\"et4\" width=\"196\" height=\"21\"><span class=\"font2\">Material<\/span><\/td>\n<td class=\"et5\" width=\"170\"><span class=\"font3\">Fibra de carbono<\/span><\/td>\n<\/tr>\n<tr>\n<td class=\"et4\" width=\"196\" height=\"21\"><span class=\"font2\">Nivel de conocimientos<\/span><\/td>\n<td class=\"et5\" width=\"170\"><span class=\"font3\">Todos los niveles<\/span><\/td>\n<\/tr>\n<tr>\n<td class=\"et4\" width=\"196\" height=\"21\"><span class=\"font2\">Material del marco<\/span><\/td>\n<td class=\"et5\" width=\"170\"><span class=\"font3\">Fibra de carbono<\/span><\/td>\n<\/tr>\n<tr>\n<td class=\"et4\" width=\"196\" height=\"21\"><span class=\"font2\">Material del eje<\/span><\/td>\n<td class=\"et5\" width=\"170\"><span class=\"font3\">Fibra de carbono<\/span><\/td>\n<\/tr>\n<\/tbody>\n<\/table>\n<p>&nbsp;<\/p>\n<table border=\"0\" width=\"1213\" cellspacing=\"0\" cellpadding=\"0\">\n<tbody>\n<tr>\n<td width=\"624\" height=\"36\"><\/td>\n<td class=\"et4\" colspan=\"2\" width=\"589\"><span class=\"font1\">Detalles t\u00e9cnicos<\/span><\/td>\n<\/tr>\n<tr>\n<td class=\"et2\" rowspan=\"7\" height=\"126\"><img loading=\"lazy\" decoding=\"async\" class=\"alignnone  wp-image-744\" src=\"http:\/\/amitosports.com\/wp-content\/uploads\/2023\/11\/Padel-4-500x500.jpg.webp\" sizes=\"(max-width: 624px) 100vw, 624px\" srcset=\"https:\/\/amitosports.com\/wp-content\/uploads\/2023\/11\/Padel-4-500x500.jpg.webp 500w, https:\/\/amitosports.com\/wp-content\/uploads\/2023\/11\/Padel-4-300x300.jpg.webp 300w, https:\/\/amitosports.com\/wp-content\/uploads\/2023\/11\/Padel-4-600x600.jpg.webp 600w, https:\/\/amitosports.com\/wp-content\/uploads\/2023\/11\/Padel-4-100x100.jpg.webp 100w, https:\/\/amitosports.com\/wp-content\/uploads\/2023\/11\/Padel-4.jpg.webp 640w\" alt=\"Padel Racket\" width=\"624\" height=\"624\" \/><\/td>\n<td class=\"et5\" width=\"303\"><span class=\"font2\">Art\u00edculo Dimensiones del paquete L x A x A<\/span><\/td>\n<td class=\"et6\" width=\"286\"><span class=\"font3\">19,53 x 11,14 x 2,56 pulgadas<\/span><\/td>\n<\/tr>\n<tr>\n<td class=\"et5\" width=\"303\"><span class=\"font2\">Peso del paquete<\/span><\/td>\n<td class=\"et6\" width=\"286\"><span class=\"font3\">0,58 kilogramos<\/span><\/td>\n<\/tr>\n<tr>\n<td class=\"et5\" width=\"303\"><span class=\"font2\">Marca<\/span><\/td>\n<td class=\"et6\" width=\"286\"><span class=\"font3\">OEM\/ODM<\/span><\/td>\n<\/tr>\n<tr>\n<td class=\"et5\" width=\"303\"><span class=\"font2\">Material<\/span><\/td>\n<td class=\"et6\" width=\"286\"><span class=\"font3\">Fibra de carbono<\/span><\/td>\n<\/tr>\n<tr>\n<td class=\"et5\" width=\"303\"><span class=\"font2\">Fabricante<\/span><\/td>\n<td class=\"et6\" width=\"286\"><span class=\"font3\">Roca de carbono<\/span><\/td>\n<\/tr>\n<tr>\n<td class=\"et5\" width=\"303\"><span class=\"font2\">Tipo de deporte<\/span><\/td>\n<td class=\"et6\" width=\"286\"><span class=\"font3\">Tenis<\/span><\/td>\n<\/tr>\n<tr>\n<td class=\"et5\" width=\"303\"><span class=\"font2\">Nivel de conocimientos<\/span><\/td>\n<td class=\"et6\" width=\"286\"><span class=\"font3\">Todos los niveles<\/span><\/td>\n<\/tr>\n<\/tbody>\n<\/table>\n<p><strong>M\u00e1s detalles del producto<\/strong><\/p>\n<p><img loading=\"lazy\" decoding=\"async\" class=\"alignleft wp-image-1679\" src=\"https:\/\/starcarbonsports.com\/wp-content\/uploads\/2023\/12\/padel-4-9.jpg\" alt=\"\" width=\"500\" height=\"750\" srcset=\"https:\/\/starcarbonsports.com\/wp-content\/uploads\/2023\/12\/padel-4-9.jpg 976w, https:\/\/starcarbonsports.com\/wp-content\/uploads\/2023\/12\/padel-4-9-500x750.jpg 500w, https:\/\/starcarbonsports.com\/wp-content\/uploads\/2023\/12\/padel-4-9-200x300.jpg 200w, https:\/\/starcarbonsports.com\/wp-content\/uploads\/2023\/12\/padel-4-9-683x1024.jpg 683w, https:\/\/starcarbonsports.com\/wp-content\/uploads\/2023\/12\/padel-4-9-768x1152.jpg 768w\" sizes=\"(max-width: 500px) 100vw, 500px\" \/><\/p>\n<p><img loading=\"lazy\" decoding=\"async\" class=\"wp-image-1680 alignleft\" src=\"https:\/\/starcarbonsports.com\/wp-content\/uploads\/2023\/12\/padel-4-10.jpg\" alt=\"\" width=\"500\" height=\"750\" srcset=\"https:\/\/starcarbonsports.com\/wp-content\/uploads\/2023\/12\/padel-4-10.jpg 976w, https:\/\/starcarbonsports.com\/wp-content\/uploads\/2023\/12\/padel-4-10-500x750.jpg 500w, https:\/\/starcarbonsports.com\/wp-content\/uploads\/2023\/12\/padel-4-10-200x300.jpg 200w, https:\/\/starcarbonsports.com\/wp-content\/uploads\/2023\/12\/padel-4-10-683x1024.jpg 683w, https:\/\/starcarbonsports.com\/wp-content\/uploads\/2023\/12\/padel-4-10-768x1152.jpg 768w\" sizes=\"(max-width: 500px) 100vw, 500px\" \/><\/p>\n<p><img loading=\"lazy\" decoding=\"async\" class=\"alignleft wp-image-1681\" src=\"https:\/\/starcarbonsports.com\/wp-content\/uploads\/2023\/12\/padel-4-11.jpg\" alt=\"\" width=\"500\" height=\"750\" srcset=\"https:\/\/starcarbonsports.com\/wp-content\/uploads\/2023\/12\/padel-4-11.jpg 976w, https:\/\/starcarbonsports.com\/wp-content\/uploads\/2023\/12\/padel-4-11-500x750.jpg 500w, https:\/\/starcarbonsports.com\/wp-content\/uploads\/2023\/12\/padel-4-11-200x300.jpg 200w, https:\/\/starcarbonsports.com\/wp-content\/uploads\/2023\/12\/padel-4-11-683x1024.jpg 683w, https:\/\/starcarbonsports.com\/wp-content\/uploads\/2023\/12\/padel-4-11-768x1152.jpg 768w\" sizes=\"(max-width: 500px) 100vw, 500px\" \/><\/p>\n<p><img loading=\"lazy\" decoding=\"async\" class=\"wp-image-1682 alignleft\" src=\"https:\/\/starcarbonsports.com\/wp-content\/uploads\/2023\/12\/padel-4-12.jpg\" alt=\"\" width=\"500\" height=\"750\" srcset=\"https:\/\/starcarbonsports.com\/wp-content\/uploads\/2023\/12\/padel-4-12.jpg 976w, https:\/\/starcarbonsports.com\/wp-content\/uploads\/2023\/12\/padel-4-12-500x750.jpg 500w, https:\/\/starcarbonsports.com\/wp-content\/uploads\/2023\/12\/padel-4-12-200x300.jpg 200w, https:\/\/starcarbonsports.com\/wp-content\/uploads\/2023\/12\/padel-4-12-683x1024.jpg 683w, https:\/\/starcarbonsports.com\/wp-content\/uploads\/2023\/12\/padel-4-12-768x1152.jpg 768w\" sizes=\"(max-width: 500px) 100vw, 500px\" \/><\/p>\n<p>&nbsp;<\/p>","protected":false},"excerpt":{"rendered":"<p>PUNTO DULCE MAXIMIZADO - El punto dulce ampliado est\u00e1 optimizado para el marco en forma de l\u00e1grima. El peso se siente bien en la mano y el dise\u00f1o fue creado en los EE.UU..<\/p>","protected":false},"featured_media":1673,"template":"","meta":{"site-sidebar-layout":"default","site-content-layout":"","ast-site-content-layout":"default","site-content-style":"default","site-sidebar-style":"default","ast-global-header-display":"","ast-banner-title-visibility":"","ast-main-header-display":"","ast-hfb-above-header-display":"","ast-hfb-below-header-display":"","ast-hfb-mobile-header-display":"","site-post-title":"","ast-breadcrumbs-content":"","ast-featured-img":"","footer-sml-layout":"","ast-disable-related-posts":"","theme-transparent-header-meta":"default","adv-header-id-meta":"","stick-header-meta":"","header-above-stick-meta":"","header-main-stick-meta":"","header-below-stick-meta":"","astra-migrate-meta-layouts":"set","ast-page-background-enabled":"default","ast-page-background-meta":{"desktop":{"background-color":"","background-image":"","background-repeat":"repeat","background-position":"center center","background-size":"auto","background-attachment":"scroll","background-type":"","background-media":"","overlay-type":"","overlay-color":"","overlay-opacity":"","overlay-gradient":""},"tablet":{"background-color":"","background-image":"","background-repeat":"repeat","background-position":"center center","background-size":"auto","background-attachment":"scroll","background-type":"","background-media":"","overlay-type":"","overlay-color":"","overlay-opacity":"","overlay-gradient":""},"mobile":{"background-color":"","background-image":"","background-repeat":"repeat","background-position":"center center","background-size":"auto","background-attachment":"scroll","background-type":"","background-media":"","overlay-type":"","overlay-color":"","overlay-opacity":"","overlay-gradient":""}},"ast-content-background-meta":{"desktop":{"background-color":"var(--ast-global-color-5)","background-image":"","background-repeat":"repeat","background-position":"center center","background-size":"auto","background-attachment":"scroll","background-type":"","background-media":"","overlay-type":"","overlay-color":"","overlay-opacity":"","overlay-gradient":""},"tablet":{"background-color":"var(--ast-global-color-5)","background-image":"","background-repeat":"repeat","background-position":"center center","background-size":"auto","background-attachment":"scroll","background-type":"","background-media":"","overlay-type":"","overlay-color":"","overlay-opacity":"","overlay-gradient":""},"mobile":{"background-color":"var(--ast-global-color-5)","background-image":"","background-repeat":"repeat","background-position":"center center","background-size":"auto","background-attachment":"scroll","background-type":"","background-media":"","overlay-type":"","overlay-color":"","overlay-opacity":"","overlay-gradient":""}}},"product_brand":[],"product_cat":[17],"product_tag":[],"class_list":{"0":"post-1672","1":"product","2":"type-product","3":"status-publish","4":"has-post-thumbnail","6":"product_cat-padel-racket","7":"desktop-align-center","8":"tablet-align-left","9":"mobile-align-left","11":"first","12":"instock","13":"shipping-taxable","14":"product-type-simple"},"yoast_head":"<!-- This site is optimized with the Yoast SEO plugin v27.4 - https:\/\/yoast.com\/product\/yoast-seo-wordpress\/ -->\n<title>Padel Racket - starcarbonsports<\/title>\n<meta name=\"robots\" content=\"index, follow, max-snippet:-1, max-image-preview:large, max-video-preview:-1\" \/>\n<link rel=\"canonical\" href=\"https:\/\/starcarbonsports.com\/es\/producto\/padel-racket-4\/\" \/>\n<meta property=\"og:locale\" content=\"es_ES\" \/>\n<meta property=\"og:type\" content=\"article\" \/>\n<meta property=\"og:title\" content=\"Padel Racket - starcarbonsports\" \/>\n<meta property=\"og:description\" content=\"MAXIMIZED SWEET SPOT \u2013 The enlarged sweet spot is optimized for the tear drop shaped frame. The weight feels good in the hand and the design was created in the USA.\" \/>\n<meta property=\"og:url\" content=\"https:\/\/starcarbonsports.com\/es\/producto\/padel-racket-4\/\" \/>\n<meta property=\"og:site_name\" content=\"starcarbonsports\" \/>\n<meta property=\"og:image\" content=\"https:\/\/starcarbonsports.com\/wp-content\/uploads\/2023\/12\/Padel-4.jpg\" \/>\n\t<meta property=\"og:image:width\" content=\"640\" \/>\n\t<meta property=\"og:image:height\" content=\"640\" \/>\n\t<meta property=\"og:image:type\" content=\"image\/jpeg\" \/>\n<meta name=\"twitter:card\" content=\"summary_large_image\" \/>\n<meta name=\"twitter:label1\" content=\"Tiempo de lectura\" \/>\n\t<meta name=\"twitter:data1\" content=\"1 minuto\" \/>\n<script type=\"application\/ld+json\" class=\"yoast-schema-graph\">{\"@context\":\"https:\\\/\\\/schema.org\",\"@graph\":[{\"@type\":\"WebPage\",\"@id\":\"https:\\\/\\\/starcarbonsports.com\\\/product\\\/padel-racket-4\\\/\",\"url\":\"https:\\\/\\\/starcarbonsports.com\\\/product\\\/padel-racket-4\\\/\",\"name\":\"Padel Racket - starcarbonsports\",\"isPartOf\":{\"@id\":\"https:\\\/\\\/starcarbonsports.com\\\/#website\"},\"primaryImageOfPage\":{\"@id\":\"https:\\\/\\\/starcarbonsports.com\\\/product\\\/padel-racket-4\\\/#primaryimage\"},\"image\":{\"@id\":\"https:\\\/\\\/starcarbonsports.com\\\/product\\\/padel-racket-4\\\/#primaryimage\"},\"thumbnailUrl\":\"https:\\\/\\\/starcarbonsports.com\\\/wp-content\\\/uploads\\\/2023\\\/12\\\/Padel-4.jpg\",\"datePublished\":\"2023-12-23T04:16:53+00:00\",\"breadcrumb\":{\"@id\":\"https:\\\/\\\/starcarbonsports.com\\\/product\\\/padel-racket-4\\\/#breadcrumb\"},\"inLanguage\":\"es\",\"potentialAction\":[{\"@type\":\"ReadAction\",\"target\":[\"https:\\\/\\\/starcarbonsports.com\\\/product\\\/padel-racket-4\\\/\"]}]},{\"@type\":\"ImageObject\",\"inLanguage\":\"es\",\"@id\":\"https:\\\/\\\/starcarbonsports.com\\\/product\\\/padel-racket-4\\\/#primaryimage\",\"url\":\"https:\\\/\\\/starcarbonsports.com\\\/wp-content\\\/uploads\\\/2023\\\/12\\\/Padel-4.jpg\",\"contentUrl\":\"https:\\\/\\\/starcarbonsports.com\\\/wp-content\\\/uploads\\\/2023\\\/12\\\/Padel-4.jpg\",\"width\":640,\"height\":640,\"caption\":\"Padel 4\"},{\"@type\":\"BreadcrumbList\",\"@id\":\"https:\\\/\\\/starcarbonsports.com\\\/product\\\/padel-racket-4\\\/#breadcrumb\",\"itemListElement\":[{\"@type\":\"ListItem\",\"position\":1,\"name\":\"\u9996\u9875\",\"item\":\"https:\\\/\\\/starcarbonsports.com\\\/\"},{\"@type\":\"ListItem\",\"position\":2,\"name\":\"Products\",\"item\":\"https:\\\/\\\/starcarbonsports.com\\\/shop\\\/\"},{\"@type\":\"ListItem\",\"position\":3,\"name\":\"Padel Racket\"}]},{\"@type\":\"WebSite\",\"@id\":\"https:\\\/\\\/starcarbonsports.com\\\/#website\",\"url\":\"https:\\\/\\\/starcarbonsports.com\\\/\",\"name\":\"starcarbonsports\",\"description\":\"starcarbonsports\",\"publisher\":{\"@id\":\"https:\\\/\\\/starcarbonsports.com\\\/#organization\"},\"potentialAction\":[{\"@type\":\"SearchAction\",\"target\":{\"@type\":\"EntryPoint\",\"urlTemplate\":\"https:\\\/\\\/starcarbonsports.com\\\/?s={search_term_string}\"},\"query-input\":{\"@type\":\"PropertyValueSpecification\",\"valueRequired\":true,\"valueName\":\"search_term_string\"}}],\"inLanguage\":\"es\"},{\"@type\":\"Organization\",\"@id\":\"https:\\\/\\\/starcarbonsports.com\\\/#organization\",\"name\":\"starcarbonsports\",\"url\":\"https:\\\/\\\/starcarbonsports.com\\\/\",\"logo\":{\"@type\":\"ImageObject\",\"inLanguage\":\"es\",\"@id\":\"https:\\\/\\\/starcarbonsports.com\\\/#\\\/schema\\\/logo\\\/image\\\/\",\"url\":\"https:\\\/\\\/starcarbonsports.com\\\/wp-content\\\/uploads\\\/2023\\\/12\\\/logo-512-1.png\",\"contentUrl\":\"https:\\\/\\\/starcarbonsports.com\\\/wp-content\\\/uploads\\\/2023\\\/12\\\/logo-512-1.png\",\"width\":512,\"height\":512,\"caption\":\"starcarbonsports\"},\"image\":{\"@id\":\"https:\\\/\\\/starcarbonsports.com\\\/#\\\/schema\\\/logo\\\/image\\\/\"}}]}<\/script>\n<!-- \/ Yoast SEO plugin. -->","yoast_head_json":{"title":"Padel Racket - starcarbonsports","robots":{"index":"index","follow":"follow","max-snippet":"max-snippet:-1","max-image-preview":"max-image-preview:large","max-video-preview":"max-video-preview:-1"},"canonical":"https:\/\/starcarbonsports.com\/es\/producto\/padel-racket-4\/","og_locale":"es_ES","og_type":"article","og_title":"Padel Racket - starcarbonsports","og_description":"MAXIMIZED SWEET SPOT \u2013 The enlarged sweet spot is optimized for the tear drop shaped frame. The weight feels good in the hand and the design was created in the USA.","og_url":"https:\/\/starcarbonsports.com\/es\/producto\/padel-racket-4\/","og_site_name":"starcarbonsports","og_image":[{"width":640,"height":640,"url":"https:\/\/starcarbonsports.com\/wp-content\/uploads\/2023\/12\/Padel-4.jpg","type":"image\/jpeg"}],"twitter_card":"summary_large_image","twitter_misc":{"Tiempo de lectura":"1 minuto"},"schema":{"@context":"https:\/\/schema.org","@graph":[{"@type":"WebPage","@id":"https:\/\/starcarbonsports.com\/product\/padel-racket-4\/","url":"https:\/\/starcarbonsports.com\/product\/padel-racket-4\/","name":"Padel Racket - starcarbonsports","isPartOf":{"@id":"https:\/\/starcarbonsports.com\/#website"},"primaryImageOfPage":{"@id":"https:\/\/starcarbonsports.com\/product\/padel-racket-4\/#primaryimage"},"image":{"@id":"https:\/\/starcarbonsports.com\/product\/padel-racket-4\/#primaryimage"},"thumbnailUrl":"https:\/\/starcarbonsports.com\/wp-content\/uploads\/2023\/12\/Padel-4.jpg","datePublished":"2023-12-23T04:16:53+00:00","breadcrumb":{"@id":"https:\/\/starcarbonsports.com\/product\/padel-racket-4\/#breadcrumb"},"inLanguage":"es","potentialAction":[{"@type":"ReadAction","target":["https:\/\/starcarbonsports.com\/product\/padel-racket-4\/"]}]},{"@type":"ImageObject","inLanguage":"es","@id":"https:\/\/starcarbonsports.com\/product\/padel-racket-4\/#primaryimage","url":"https:\/\/starcarbonsports.com\/wp-content\/uploads\/2023\/12\/Padel-4.jpg","contentUrl":"https:\/\/starcarbonsports.com\/wp-content\/uploads\/2023\/12\/Padel-4.jpg","width":640,"height":640,"caption":"Padel 4"},{"@type":"BreadcrumbList","@id":"https:\/\/starcarbonsports.com\/product\/padel-racket-4\/#breadcrumb","itemListElement":[{"@type":"ListItem","position":1,"name":"\u9996\u9875","item":"https:\/\/starcarbonsports.com\/"},{"@type":"ListItem","position":2,"name":"Products","item":"https:\/\/starcarbonsports.com\/shop\/"},{"@type":"ListItem","position":3,"name":"Padel Racket"}]},{"@type":"WebSite","@id":"https:\/\/starcarbonsports.com\/#website","url":"https:\/\/starcarbonsports.com\/","name":"starcarbonsports","description":"starcarbonsports","publisher":{"@id":"https:\/\/starcarbonsports.com\/#organization"},"potentialAction":[{"@type":"SearchAction","target":{"@type":"EntryPoint","urlTemplate":"https:\/\/starcarbonsports.com\/?s={search_term_string}"},"query-input":{"@type":"PropertyValueSpecification","valueRequired":true,"valueName":"search_term_string"}}],"inLanguage":"es"},{"@type":"Organization","@id":"https:\/\/starcarbonsports.com\/#organization","name":"starcarbonsports","url":"https:\/\/starcarbonsports.com\/","logo":{"@type":"ImageObject","inLanguage":"es","@id":"https:\/\/starcarbonsports.com\/#\/schema\/logo\/image\/","url":"https:\/\/starcarbonsports.com\/wp-content\/uploads\/2023\/12\/logo-512-1.png","contentUrl":"https:\/\/starcarbonsports.com\/wp-content\/uploads\/2023\/12\/logo-512-1.png","width":512,"height":512,"caption":"starcarbonsports"},"image":{"@id":"https:\/\/starcarbonsports.com\/#\/schema\/logo\/image\/"}}]}},"_links":{"self":[{"href":"https:\/\/starcarbonsports.com\/es\/wp-json\/wp\/v2\/product\/1672","targetHints":{"allow":["GET"]}}],"collection":[{"href":"https:\/\/starcarbonsports.com\/es\/wp-json\/wp\/v2\/product"}],"about":[{"href":"https:\/\/starcarbonsports.com\/es\/wp-json\/wp\/v2\/types\/product"}],"wp:featuredmedia":[{"embeddable":true,"href":"https:\/\/starcarbonsports.com\/es\/wp-json\/wp\/v2\/media\/1673"}],"wp:attachment":[{"href":"https:\/\/starcarbonsports.com\/es\/wp-json\/wp\/v2\/media?parent=1672"}],"wp:term":[{"taxonomy":"product_brand","embeddable":true,"href":"https:\/\/starcarbonsports.com\/es\/wp-json\/wp\/v2\/product_brand?post=1672"},{"taxonomy":"product_cat","embeddable":true,"href":"https:\/\/starcarbonsports.com\/es\/wp-json\/wp\/v2\/product_cat?post=1672"},{"taxonomy":"product_tag","embeddable":true,"href":"https:\/\/starcarbonsports.com\/es\/wp-json\/wp\/v2\/product_tag?post=1672"}],"curies":[{"name":"wp","href":"https:\/\/api.w.org\/{rel}","templated":true}]}}